{"id":9,"date":"2016-04-30T10:08:46","date_gmt":"2016-04-30T10:08:46","guid":{"rendered":"http:\/\/bauerbarbara.com\/?page_id=9"},"modified":"2025-09-15T14:14:27","modified_gmt":"2025-09-15T14:14:27","slug":"cv","status":"publish","type":"page","link":"https:\/\/bauerbarbara.com\/index.php\/cv\/","title":{"rendered":"info"},"content":{"rendered":"\n\n\t<h1>Solo exhibitions<\/h1>\n<strong>2024<br \/>\n<\/strong><em>Pr\u00e4senz. Zust\u00e4nde von Materialit\u00e4t\u00a0<\/em><br \/>\nBBK Galerie, W\u00fcrzburg, Germany\n<h1>Group exhibitions<\/h1>\n<strong>2023<br \/>\n<\/strong><em>else!3: Treibhaus 2<\/em><br \/>\nAltstadtverein M\u00fcnnerstadt e.V., M\u00fcnnerstadt, Germany\n<strong>2022<br \/>\n<\/strong><em>M\/W\/D<\/em><br \/>\n<em>BBK UNTERFRANKEN &#8211; MITGLIEDER STELLEN AUS<\/em><br \/>\nKloster Wechterswinkel Kunst &amp; Kultur, Bastheim, Germany\n<strong>2019<br \/>\n<\/strong><em>Keyboard<\/em><em> 1\/5<br \/>\n<\/em>Zahoorul Akhlaq Gallery, Lahore, Pakistan\n<em>DIE NEUEN<br \/>\n<\/em>BBK Galerie \/ K\u00fcnstlerhaus, W\u00fcrzburg, Germany<br \/>\nSa, 27. April 2019 &#8211; So, 19. Mai 2019\n<strong>2016<br \/>\n<\/strong><em>M\u00e9tamorphoses<br \/>\n<\/em>Les Jacobins, Le Mans, France\n<em>Hors Cadre<br \/>\n<\/em>multiple artist spaces, Le Mans, France\n<strong>2015<br \/>\n<\/strong><em>Art dans le vide<br \/>\n<\/em>multiple artist spaces, Le Mans, France\n<em>Incertain Genres<br \/>\n<\/em>Keramis, centre de la c\u00e9ramique, La Louvi\u00e8re, Belgium\n<strong>2014<br \/>\n<\/strong><em>Caf\u00e9 Berlin<br \/>\n<\/em>Caf\u00e9 Berlin, Le Mans, France\n<strong>2010<br \/>\n<\/strong>Drawbridge Art Club, Solihull, England\n<p>&nbsp;<\/p>\n<p>&nbsp;<\/p>\n\t<h1>CV<\/h1>\nBorn in Bad Kissingen, Germany.<br \/>\nLives and works in Aschach<br \/>\nMember of <em>Berufsverband Bildender K\u00fcnstlerinnen und K\u00fcnstler Unterfranken e.V.<br \/>\n<\/em>\n<strong>since 2019<br \/>\n<\/strong>several jobs in the art sector as Curator, Scientific Researcher, Chief of culture and public relations and Manager of art collections\n<strong>2019\/2020<br \/>\n<\/strong>Master of Arts, <em>Kunstgeschichte und Museologie<\/em>, Universit\u00e4t Heidelberg, Germany\n<strong>2018<br \/>\n<\/strong>Master 1, <em>Histoire de l&#8217;art et Mus\u00e9ologie, <\/em>\u00c9cole du Louvre, Paris, France\n<strong>2017<br \/>\n<\/strong>Assistance to Cl\u00e9mence van Lunen, <em>sundaymorning@EKWC<\/em>, Oisterwijk, Netherlands\n<strong>2016<br \/>\n<\/strong>DNAP (dipl\u00f4me national d&#8217;arts plastiques) with &#8220;felicitations du jury&#8221; at ESBA TALM Le Mans, France\n<em>ECART (European Ceramic Art and Research Team)<\/em><br \/>\nseveral workshops in Europe (France: ENSA Limoges, Villa Arson Nizza. Belgium: Keramis, centre de la c\u00e9ramique, La Louvi\u00e8re. Pavilion Bosio, Monaco)\n<p><em>ClayPicts<\/em>, workshop KADK Bornholm, Danmark<\/p>\nSeveral prizes for the exhibition project <em>Art dans le vide<br \/>\nPRIX DE L&#8217;INITIATIVE: Prix du Public, Prix du Coup de Coeur, Le grand Prix associatif<\/em>\n<strong>2015<br \/>\n<\/strong>Concept and realization of the exhibition project <em>Art da<\/em><em>ns le vide<\/em>\n<strong>2013<br \/>\n<\/strong>Bachelor of Arts, <em>International Cultural and Business Studies, <\/em>Universit\u00e4t Passau, Germany\n\n","protected":false},"excerpt":{"rendered":"<p>Solo exhibitions 2024 Pr\u00e4senz. Zust\u00e4nde von Materialit\u00e4t\u00a0 BBK Galerie, W\u00fcrzburg, Germany Group exhibitions 2023 else!3: Treibhaus 2 Altstadtverein M\u00fcnnerstadt e.V., M\u00fcnnerstadt, Germany 2022 M\/W\/D BBK UNTERFRANKEN &#8211; MITGLIEDER STELLEN AUS Kloster Wechterswinkel Kunst &amp; Kultur, Bastheim, Germany 2019 Keyboard 1\/5 Zahoorul Akhlaq Gallery, Lahore, Pakistan DIE NEUEN BBK Galerie \/ K\u00fcnstlerhaus, W\u00fcrzburg, Germany Sa, 27. &hellip; <\/p>\n<p class=\"link-more\"><a href=\"https:\/\/bauerbarbara.com\/index.php\/cv\/\" class=\"more-link\">Continue reading<span class=\"screen-reader-text\"> &#8220;info&#8221;<\/span><\/a><\/p>\n","protected":false},"author":1,"featured_media":0,"parent":0,"menu_order":2,"comment_status":"closed","ping_status":"closed","template":"","meta":{"footnotes":""},"class_list":["post-9","page","type-page","status-publish","hentry"],"_links":{"self":[{"href":"https:\/\/bauerbarbara.com\/index.php\/wp-json\/wp\/v2\/pages\/9","targetHints":{"allow":["GET"]}}],"collection":[{"href":"https:\/\/bauerbarbara.com\/index.php\/wp-json\/wp\/v2\/pages"}],"about":[{"href":"https:\/\/bauerbarbara.com\/index.php\/wp-json\/wp\/v2\/types\/page"}],"author":[{"embeddable":true,"href":"https:\/\/bauerbarbara.com\/index.php\/wp-json\/wp\/v2\/users\/1"}],"replies":[{"embeddable":true,"href":"https:\/\/bauerbarbara.com\/index.php\/wp-json\/wp\/v2\/comments?post=9"}],"version-history":[{"count":44,"href":"https:\/\/bauerbarbara.com\/index.php\/wp-json\/wp\/v2\/pages\/9\/revisions"}],"predecessor-version":[{"id":550,"href":"https:\/\/bauerbarbara.com\/index.php\/wp-json\/wp\/v2\/pages\/9\/revisions\/550"}],"wp:attachment":[{"href":"https:\/\/bauerbarbara.com\/index.php\/wp-json\/wp\/v2\/media?parent=9"}],"curies":[{"name":"wp","href":"https:\/\/api.w.org\/{rel}","templated":true}]}}