{"id":519,"date":"2024-03-06T20:39:10","date_gmt":"2024-03-06T20:39:10","guid":{"rendered":"https:\/\/bauerbarbara.com\/?page_id=519"},"modified":"2025-09-15T14:22:44","modified_gmt":"2025-09-15T14:22:44","slug":"privacy-policy","status":"publish","type":"page","link":"https:\/\/bauerbarbara.com\/index.php\/privacy-policy\/","title":{"rendered":"Privacy Policy"},"content":{"rendered":"\n<h2 class=\"wp-block-heading\"><strong>Impressum<\/strong><\/h2>\n\n\n\n<p>Angaben gem\u00e4\u00df \u00a7 5 TMG<\/p>\n\n\n\n<p>Barbara Bauer<br>Neusetz 53<br>97708 Bad Bocklet<\/p>\n\n\n\n<p>Kontakt:<br>E-Mail: <a>bauer.barbara@posteo.de<\/a><\/p>\n\n\n\n<h2 class=\"wp-block-heading\"><strong>Datenschutzerkl\u00e4rung<\/strong><\/h2>\n\n\n\n<h3 class=\"wp-block-heading\">Verantwortliche<\/h3>\n\n\n\n<p>Barbara Bauer<br>Neusetz 53\u2028<br>97708 Bad Bocklet\u2028<\/p>\n\n\n\n<p>E-Mail: bauer.barbara@posteo.de<\/p>\n\n\n\n<h3 class=\"wp-block-heading\">Allgemeines zur Datenverarbeitung<\/h3>\n\n\n\n<p>Wir nehmen den Schutz Ihrer pers\u00f6nlichen Daten sehr ernst. Personenbezogene Daten werden vertraulich und entsprechend der gesetzlichen Datenschutzvorschriften sowie dieser Datenschutzerkl\u00e4rung behandelt.<br>Die Nutzung dieser Website ist in der Regel ohne Angabe personenbezogener Daten m\u00f6glich. Soweit auf unseren Seiten personenbezogene Daten (z. B. Name, Anschrift oder E-Mail-Adressen) erhoben werden, erfolgt dies stets auf freiwilliger Basis. Diese Daten werden ohne Ihre ausdr\u00fcckliche Zustimmung nicht an Dritte weitergegeben.<\/p>\n\n\n\n<h3 class=\"wp-block-heading\">Server-Logfiles<\/h3>\n\n\n\n<p><br>Der Provider der Seiten erhebt und speichert automatisch Informationen in sogenannten Server-Logfiles, die Ihr Browser automatisch \u00fcbermittelt. Dies sind:<br>\u2022 Browsertyp und Browserversion<br>\u2022 verwendetes Betriebssystem<br>\u2022 Referrer URL<br>\u2022 Hostname des zugreifenden Rechners<br>\u2022 Uhrzeit der Serveranfrage<br>\u2022 IP-Adresse<br>Eine Zusammenf\u00fchrung dieser Daten mit anderen Datenquellen wird nicht vorgenommen.<\/p>\n\n\n\n<h3 class=\"wp-block-heading\">Kontaktaufnahme<\/h3>\n\n\n\n<p>Wenn Sie uns per E-Mail kontaktieren, werden Ihre Angaben inklusive der von Ihnen angegebenen Kontaktdaten gespeichert, um Ihre Anfrage zu bearbeiten. Diese Daten geben wir nicht ohne Ihre Einwilligung weiter.<\/p>\n\n\n\n<h3 class=\"wp-block-heading\">Ihre Rechte<\/h3>\n\n\n\n<p>Sie haben jederzeit das Recht auf:<br>\u2022 Auskunft \u00fcber Ihre bei uns gespeicherten Daten (Art. 15 DSGVO)<br>\u2022 Berichtigung unrichtiger Daten (Art. 16 DSGVO)<br>\u2022 L\u00f6schung (Art. 17 DSGVO)<br>\u2022 Einschr\u00e4nkung der Verarbeitung (Art. 18 DSGVO)<br>\u2022 Widerspruch gegen die Verarbeitung (Art. 21 DSGVO)<br>\u2022 Daten\u00fcbertragbarkeit (Art. 20 DSGVO)<br>Hierzu sowie zu weiteren Fragen k\u00f6nnen Sie sich jederzeit unter der oben angegebenen Adresse an uns wenden.<\/p>\n\n\n\n<h3 class=\"wp-block-heading\">Beschwerderecht<\/h3>\n\n\n\n<p>Sie haben das Recht, sich bei einer Datenschutz-Aufsichtsbeh\u00f6rde \u00fcber die Verarbeitung Ihrer personenbezogenen Daten zu beschweren. Zust\u00e4ndig ist die Aufsichtsbeh\u00f6rde Ihres Wohnsitzes oder die f\u00fcr uns zust\u00e4ndige Beh\u00f6rde in Bayern.<\/p>\n\n\n\n<h3 class=\"wp-block-heading\">Sicherheit<\/h3>\n\n\n\n<p>Wir weisen darauf hin, dass die Daten\u00fcbertragung im Internet (z. B. bei der Kommunikation per E-Mail) Sicherheitsl\u00fccken aufweisen kann. Ein l\u00fcckenloser Schutz der Daten vor dem Zugriff durch Dritte ist nicht m\u00f6glich.<\/p>\n","protected":false},"excerpt":{"rendered":"<p>Impressum Angaben gem\u00e4\u00df \u00a7 5 TMG Barbara BauerNeusetz 5397708 Bad Bocklet Kontakt:E-Mail: bauer.barbara@posteo.de Datenschutzerkl\u00e4rung Verantwortliche Barbara BauerNeusetz 53\u202897708 Bad Bocklet\u2028 E-Mail: bauer.barbara@posteo.de Allgemeines zur Datenverarbeitung Wir nehmen den Schutz Ihrer pers\u00f6nlichen Daten sehr ernst. Personenbezogene Daten werden vertraulich und entsprechend der gesetzlichen Datenschutzvorschriften sowie dieser Datenschutzerkl\u00e4rung behandelt.Die Nutzung dieser Website ist in der Regel ohne &hellip; <\/p>\n<p class=\"link-more\"><a href=\"https:\/\/bauerbarbara.com\/index.php\/privacy-policy\/\" class=\"more-link\">Continue reading<span class=\"screen-reader-text\"> &#8220;Privacy Policy&#8221;<\/span><\/a><\/p>\n","protected":false},"author":1,"featured_media":0,"parent":0,"menu_order":0,"comment_status":"closed","ping_status":"closed","template":"","meta":{"footnotes":""},"class_list":["post-519","page","type-page","status-publish","hentry"],"_links":{"self":[{"href":"https:\/\/bauerbarbara.com\/index.php\/wp-json\/wp\/v2\/pages\/519","targetHints":{"allow":["GET"]}}],"collection":[{"href":"https:\/\/bauerbarbara.com\/index.php\/wp-json\/wp\/v2\/pages"}],"about":[{"href":"https:\/\/bauerbarbara.com\/index.php\/wp-json\/wp\/v2\/types\/page"}],"author":[{"embeddable":true,"href":"https:\/\/bauerbarbara.com\/index.php\/wp-json\/wp\/v2\/users\/1"}],"replies":[{"embeddable":true,"href":"https:\/\/bauerbarbara.com\/index.php\/wp-json\/wp\/v2\/comments?post=519"}],"version-history":[{"count":4,"href":"https:\/\/bauerbarbara.com\/index.php\/wp-json\/wp\/v2\/pages\/519\/revisions"}],"predecessor-version":[{"id":554,"href":"https:\/\/bauerbarbara.com\/index.php\/wp-json\/wp\/v2\/pages\/519\/revisions\/554"}],"wp:attachment":[{"href":"https:\/\/bauerbarbara.com\/index.php\/wp-json\/wp\/v2\/media?parent=519"}],"curies":[{"name":"wp","href":"https:\/\/api.w.org\/{rel}","templated":true}]}}