{"id":5,"date":"2016-04-30T10:14:25","date_gmt":"2016-04-30T10:14:25","guid":{"rendered":"http:\/\/bauerbarbara.com\/?page_id=5"},"modified":"2025-09-15T14:13:38","modified_gmt":"2025-09-15T14:13:38","slug":"artworks","status":"publish","type":"page","link":"https:\/\/bauerbarbara.com\/","title":{"rendered":"artworks"},"content":{"rendered":"\n\n\t\t\t\t<img decoding=\"async\" src=\"https:\/\/bauerbarbara.com\/wp-content\/uploads\/2025\/09\/Ausstellung-Bauer-Wurzburg-2024.jpeg\" alt=\"Im Vordergrund ist eine Keramikskulptur zu sehen.\" itemprop=\"image\" height=\"960\" width=\"1280\" title=\"Ausstellung Bauer Wu\u0308rzburg 2024\" onerror=\"this.style.display='none'\" loading=\"lazy\" \/>\n\t\t\t\t\t\tExhibition view 2024: Pr\u00e4senz. Zust\u00e4nde von Materialit\u00e4t, BBK W\u00fcrzburg \u00a9 Barbara Bauer\n\t<p>&nbsp;<\/p>\n<p>&nbsp;<\/p>\n\t\t\t\t<img decoding=\"async\" src=\"https:\/\/bauerbarbara.com\/wp-content\/uploads\/2025\/09\/Ausstellung-Bauer-Munerstadt-2023.jpeg\" alt=\"Eine blaue Keramikskulptur steht in einem leerstehenden Gew\u00e4chshaus.\" itemprop=\"image\" height=\"1280\" width=\"960\" title=\"Exhibition view 2023: else!, ehemalige G\u00e4rtnerei, M\u00fcnnerstadt \u00a9 Barbara Bauer\" onerror=\"this.style.display='none'\" loading=\"lazy\" \/>\n\t\t\t\t\t\tExhibition view 2023: else!, ehemalige G\u00e4rtnerei, M\u00fcnnerstadt \u00a9 Barbara Bauer\n\t<p>&nbsp;<\/p>\n<p>&nbsp;<\/p>\n\t\t\t\t<img decoding=\"async\" src=\"https:\/\/bauerbarbara.com\/wp-content\/uploads\/2025\/09\/Ausstellung-Bauer-Wechterswinkel-2022.jpeg\" alt=\"Eine gr\u00fcne Keramikskulptur der K\u00fcnstlerin Barbara Bauer steht auf einem Sockel.\" itemprop=\"image\" height=\"960\" width=\"1280\" title=\"Exhibition view 2022: m \/ w \/ d, Kloster Wechterswinkel \u00a9 Barbara Bauer\" onerror=\"this.style.display='none'\" loading=\"lazy\" \/>\n\t\t\t\t\t\tExhibition view 2022: m \/ w \/ d, Kloster Wechterswinkel \u00a9 Barbara Bauer\n\t<p>&nbsp;<\/p>\n<p>&nbsp;<\/p>\n\t\t\t\t<img decoding=\"async\" src=\"https:\/\/bauerbarbara.com\/wp-content\/uploads\/2022\/06\/Barbara-Bauer_Ausstellung_DIE_NEUEN_BBK_Wurzburg_2019-scaled.jpg\" alt=\"Exhibtion view showing one sculpturei in the foreground and several art works by Barbara Bauer on the walls.\" itemprop=\"image\" height=\"2560\" width=\"1920\" title=\"Barbara Bauer_Ausstellung_DIE_NEUEN_BBK_W\u00fcrzburg_2019\" onerror=\"this.style.display='none'\" loading=\"lazy\" \/>\n\t\t\t\t\t\tExhibition view 2019: DIE NEUEN, BBK W\u00fcrzburg\n\u00a9 Barbara Bauer\n\t<p>&nbsp;<\/p>\n<p>&nbsp;<\/p>\n\t\t\t\t<img decoding=\"async\" src=\"https:\/\/bauerbarbara.com\/wp-content\/uploads\/2019\/03\/Victoire-du-pantalon-2-Barbara-Bauer-e1553816790290.jpg\" alt=\"Exhibition view showing the sculpture &quot;victoire du pantalon&quot; at ENSBA TALM Le Mans\" itemprop=\"image\" height=\"900\" width=\"1273\" title=\"Victoire du pantalon Barbara Bauer exhibition view\" onerror=\"this.style.display='none'\" loading=\"lazy\" \/>\n\t\t\t\t\t\tExhibition view 2016: Victoire du Pantalon\n\u00a9 Barbara Bauer\n\t<p>&nbsp;<\/p>\n<p>&nbsp;<\/p>\n\t\t\t\t<img decoding=\"async\" src=\"https:\/\/bauerbarbara.com\/wp-content\/uploads\/2019\/03\/Diplome-Barbara-Bauer.jpg\" alt=\"Exhibiton View of the diploma of Barbara Bauer at ENSBA TALM Le Mans\" itemprop=\"image\" height=\"600\" width=\"900\" title=\"Exhibition View Diplome Barbara Bauer artist\" onerror=\"this.style.display='none'\" loading=\"lazy\" \/>\n\t\t\t\t\t\tExhibition view with several artworks of the series &#8220;cordes&#8221;, 2016.\n\u00a9 Barbara Bauer\n\t<p>&nbsp;<\/p>\n<p>&nbsp;<\/p>\n\t\t\t\t<img decoding=\"async\" src=\"https:\/\/bauerbarbara.com\/wp-content\/uploads\/2019\/03\/Victoire-du-pantalon-Detail1-Barbara-Bauer.jpg\" alt=\"Exhibition view at Keramis La Louvi\u00e8re: Victoire du Pantalon by Barbara Bauer\" itemprop=\"image\" height=\"600\" width=\"900\" title=\"Victoire du pantalon Detail1 Barbara Bauer artist Barbara Bauer\" onerror=\"this.style.display='none'\" loading=\"lazy\" \/>\n\t\t\t\t\t\tExhibition view at the museum Keramis, La Louvi\u00e8re, Belgium in 2015\n\u00a9 Barbara Bauer\n\t\t\t\t<img decoding=\"async\" src=\"https:\/\/bauerbarbara.com\/wp-content\/plugins\/beaver-builder-lite-version\/img\/pixel.png\" alt=\"\" itemprop=\"image\" onerror=\"this.style.display='none'\" loading=\"lazy\" \/>\n\n","protected":false},"excerpt":{"rendered":"<p>Exhibition view 2024: Pr\u00e4senz. Zust\u00e4nde von Materialit\u00e4t, BBK W\u00fcrzburg \u00a9 Barbara Bauer &nbsp; &nbsp; Exhibition view 2023: else!, ehemalige G\u00e4rtnerei, M\u00fcnnerstadt \u00a9 Barbara Bauer &nbsp; &nbsp; Exhibition view 2022: m \/ w \/ d, Kloster Wechterswinkel \u00a9 Barbara Bauer &nbsp; &nbsp; Exhibition view 2019: DIE NEUEN, BBK W\u00fcrzburg \u00a9 Barbara Bauer &nbsp; &nbsp; Exhibition view &hellip; <\/p>\n<p class=\"link-more\"><a href=\"https:\/\/bauerbarbara.com\/\" class=\"more-link\">Continue reading<span class=\"screen-reader-text\"> &#8220;artworks&#8221;<\/span><\/a><\/p>\n","protected":false},"author":1,"featured_media":0,"parent":0,"menu_order":1,"comment_status":"closed","ping_status":"closed","template":"","meta":{"footnotes":""},"class_list":["post-5","page","type-page","status-publish","hentry"],"_links":{"self":[{"href":"https:\/\/bauerbarbara.com\/index.php\/wp-json\/wp\/v2\/pages\/5","targetHints":{"allow":["GET"]}}],"collection":[{"href":"https:\/\/bauerbarbara.com\/index.php\/wp-json\/wp\/v2\/pages"}],"about":[{"href":"https:\/\/bauerbarbara.com\/index.php\/wp-json\/wp\/v2\/types\/page"}],"author":[{"embeddable":true,"href":"https:\/\/bauerbarbara.com\/index.php\/wp-json\/wp\/v2\/users\/1"}],"replies":[{"embeddable":true,"href":"https:\/\/bauerbarbara.com\/index.php\/wp-json\/wp\/v2\/comments?post=5"}],"version-history":[{"count":49,"href":"https:\/\/bauerbarbara.com\/index.php\/wp-json\/wp\/v2\/pages\/5\/revisions"}],"predecessor-version":[{"id":549,"href":"https:\/\/bauerbarbara.com\/index.php\/wp-json\/wp\/v2\/pages\/5\/revisions\/549"}],"wp:attachment":[{"href":"https:\/\/bauerbarbara.com\/index.php\/wp-json\/wp\/v2\/media?parent=5"}],"curies":[{"name":"wp","href":"https:\/\/api.w.org\/{rel}","templated":true}]}}